{"id":15537,"date":"2021-06-18T14:19:52","date_gmt":"2021-06-18T14:19:52","guid":{"rendered":"http:\/\/goatmarketingdigital.com.br\/logmed\/?page_id=15537"},"modified":"2021-06-18T14:19:52","modified_gmt":"2021-06-18T14:19:52","slug":"centro-de-servicos-compartilhados","status":"publish","type":"page","link":"https:\/\/logmed.net\/?page_id=15537","title":{"rendered":"Centro de Servi\u00e7os Compartilhados"},"content":{"rendered":"<p>[vc_row type=&#8221;full_width_section&#8221; bg_image=&#8221;15702&#8243; bg_color=&#8221;#f9ba00&#8243; text_color=&#8221;light&#8221; text_align=&#8221;center&#8221; top_padding=&#8221;150&#8243; bottom_padding=&#8221;0&#8243; row_id=&#8221;topo-interno&#8221; bg_position=&#8221;left top&#8221;][vc_column text_align=&#8221;center&#8221; width=&#8221;1\/1&#8243;]<h1 class=\"headline font-inherit fontsize-xxxxxl fontweight-800 lh-12 align-center transform-inherit \" style=\"margin: 0; color: #ffffff;\">Centro de Servi\u00e7os Compartilhados<\/h1>[vc_raw_html]JTNDYSUyMGlkJTNEJTIyc2V0YS1saW5oYSUyMiUyMGhyZWYlM0QlMjIlMjNzZXJ2aWNvcy1jdXN0b21pemFkb3MlMjIlM0UlM0MlMkZhJTNF[\/vc_raw_html][\/vc_column][\/vc_row][vc_row bg_image=&#8221;15356&#8243; bg_repeat=&#8221;no-repeat&#8221; bg_color=&#8221;#ffffff&#8221; top_padding=&#8221;90&#8243; bottom_padding=&#8221;60&#8243; row_id=&#8221;servicos-customizados&#8221;][vc_column width=&#8221;1\/2&#8243;]<div class=\"single_image wpb_content_element align-left    imagem-destaque\" data-animation=\"none\" data-delay=\"0\"><img loading=\"lazy\" decoding=\"async\" width=\"1600\" height=\"1100\" src=\"https:\/\/logmed.net\/wp-content\/uploads\/2021\/06\/Card-Servicos-Customizados.jpg\" class=\"attachment-full\" alt=\"\" srcset=\"https:\/\/logmed.net\/wp-content\/uploads\/2021\/06\/Card-Servicos-Customizados.jpg 1600w, https:\/\/logmed.net\/wp-content\/uploads\/2021\/06\/Card-Servicos-Customizados-300x206.jpg 300w, https:\/\/logmed.net\/wp-content\/uploads\/2021\/06\/Card-Servicos-Customizados-1024x704.jpg 1024w, https:\/\/logmed.net\/wp-content\/uploads\/2021\/06\/Card-Servicos-Customizados-768x528.jpg 768w, https:\/\/logmed.net\/wp-content\/uploads\/2021\/06\/Card-Servicos-Customizados-1536x1056.jpg 1536w\" sizes=\"auto, (max-width: 1600px) 100vw, 1600px\" \/><\/div>[\/vc_column][vc_column column_padding=&#8221;custom-padding&#8221; column_custompadding=&#8221;20px 30px 10px 60px&#8221; width=&#8221;1\/2&#8243;]<div class=\"spacer\" style=\"height: 40px;\"><\/div>[vc_column_text]<\/p>\n<p style=\"text-align: justify; line-height: 1.3; font-size: 16px;\">A LogMed entende que cada cliente tem uma forma diferente de trabalhar, uma equipe operacional e necessidades espec\u00edficas de acordo com o setor, porte ou mercado de atua\u00e7\u00e3o.<\/p>\n<p style=\"text-align: justify; line-height: 1.3; font-size: 16px;\">Pensando nisso, criou um centro de servi\u00e7os compartilhados que vai muito al\u00e9m de transporte e armazenagem.<\/p>\n<p style=\"text-align: justify; line-height: 1.3; font-size: 16px;\">Seja qual for sua necessidade, a LogMed sempre tem uma solu\u00e7\u00e3o eficiente e inteligente para seu neg\u00f3cio.<\/p>\n<p>[\/vc_column_text][\/vc_column][\/vc_row][vc_row bg_image=&#8221;15402&#8243; bg_repeat=&#8221;no-repeat&#8221; bg_color=&#8221;#f9f9f9&#8243; top_padding=&#8221;60&#8243; bottom_padding=&#8221;60&#8243; row_id=&#8221;customer-service&#8221;][vc_column width=&#8221;2\/3&#8243;]<h1 class=\"headline font-inherit fontsize-xxxxxl fontweight-600 lh-12 align-left transform-inherit \" style=\"margin: 0; color: #f9ba00;\">Customer Service<\/h1><h2 class=\"headline font-inherit fontsize-s fontweight-300 lh-12 align-left transform-inherit \" style=\"margin: 0 0 40px 0; color: #1d1d1d;\">Atendimento \u00e0 cirurgia \/ cota\u00e7\u00e3o \/ libera\u00e7\u00e3o \/ agendamento \/ faturamento<\/h2>[vc_column_text]<\/p>\n<p style=\"line-height: 1.3; font-size: 15px;\">O atendimento \u00e0 cirurgia conta com um time de profissionais experientes e prontos para ajudar com as cota\u00e7\u00f5es, libera\u00e7\u00f5es e agendamento de cirurgias junto aos conv\u00eanios e hospitais.<\/p>\n<p style=\"line-height: 1.3; font-size: 15px;\">Al\u00e9m disso, atuamos tamb\u00e9m com processos rigorosos e organizados para lan\u00e7amento dos faturamentos, o que evita atrasos nos procedimentos e preju\u00edzos financeiros para nossos clientes.<\/p>\n<p>[\/vc_column_text][\/vc_column][vc_column width=&#8221;1\/3&#8243;]<div class=\"single_image wpb_content_element align-left    imagem-destaque\" data-animation=\"none\" data-delay=\"0\"><img loading=\"lazy\" decoding=\"async\" width=\"500\" height=\"344\" src=\"https:\/\/logmed.net\/wp-content\/uploads\/2021\/07\/custumer-service.png\" class=\"attachment-full\" alt=\"\" srcset=\"https:\/\/logmed.net\/wp-content\/uploads\/2021\/07\/custumer-service.png 500w, https:\/\/logmed.net\/wp-content\/uploads\/2021\/07\/custumer-service-300x206.png 300w\" sizes=\"auto, (max-width: 500px) 100vw, 500px\" \/><\/div>[\/vc_column][\/vc_row][vc_row bg_image=&#8221;15338&#8243; bg_repeat=&#8221;no-repeat&#8221; bg_color=&#8221;#ffffff&#8221; top_padding=&#8221;60&#8243; bottom_padding=&#8221;60&#8243; row_id=&#8221;gestao-de-estoque-consignados&#8221;][vc_column]<h1 class=\"headline font-inherit fontsize-xxxxl fontweight-600 lh-12 align-center transform-inherit \" style=\"margin: 0; color: #f9ba00;\">Gest\u00e3o de Estoque Consignado<\/h1><h1 class=\"headline font-inherit fontsize-m fontweight-300 lh-12 align-center transform-inherit \" style=\"margin: 10px 0 20px 0; color: #1d1d1d;\">Auditores Fiscais | Relat\u00f3rios | Software Supercontagem<\/h1><div class=\"newdivider align-center\" style=\"border-bottom-style: solid; border-color: #1d1d1d; border-bottom-width: 5px; margin-top: 0; margin-bottom: 40px; width: 100px; \"><\/div><div class=\"clear\"><\/div>[\/vc_column][vc_column column_padding=&#8221;custom-padding&#8221; column_custompadding=&#8221;0&#8243; width=&#8221;1\/2&#8243;]<div class=\"single_image wpb_content_element align-left    imagem-destaque\" data-animation=\"none\" data-delay=\"0\"><img loading=\"lazy\" decoding=\"async\" width=\"1500\" height=\"1000\" src=\"https:\/\/logmed.net\/wp-content\/uploads\/2021\/06\/gestao-de-estoque.jpg\" class=\"attachment-full\" alt=\"\" srcset=\"https:\/\/logmed.net\/wp-content\/uploads\/2021\/06\/gestao-de-estoque.jpg 1500w, https:\/\/logmed.net\/wp-content\/uploads\/2021\/06\/gestao-de-estoque-300x200.jpg 300w, https:\/\/logmed.net\/wp-content\/uploads\/2021\/06\/gestao-de-estoque-1024x683.jpg 1024w, https:\/\/logmed.net\/wp-content\/uploads\/2021\/06\/gestao-de-estoque-768x512.jpg 768w, https:\/\/logmed.net\/wp-content\/uploads\/2021\/06\/gestao-de-estoque-600x400.jpg 600w\" sizes=\"auto, (max-width: 1500px) 100vw, 1500px\" \/><\/div>[\/vc_column][vc_column column_padding=&#8221;custom-padding&#8221; column_custompadding=&#8221;10px 50px 0&#8243; width=&#8221;1\/2&#8243;][vc_column_text]<\/p>\n<p style=\"text-align: justify; line-height: 1.3;\">Oferecemos para os clientes que possuem galp\u00f5es pr\u00f3prios, o servi\u00e7o de log\u00edstica in house.<\/p>\n<p style=\"text-align: justify; line-height: 1.3;\">Nossos auditores fiscais v\u00e3o at\u00e9 o local e fazem uma gest\u00e3o completa do estoque utilizando o sistema WMS (Warehouse Management System) que permite rastrear todas as etapas do processo do recebimento \u00e0 expedi\u00e7\u00e3o.<\/p>\n<p>[\/vc_column_text][vc_column_text]<\/p>\n<h3 style=\"text-align: justify; line-height: 1.3;\"><strong>Software Supercontagem<\/strong><\/h3>\n<p style=\"text-align: justify; line-height: 1.3;\">Com um sistema pr\u00f3prio de gest\u00e3o e contagem de estoques consignados, nossos auditores fazem contagens peri\u00f3dicas de acordo com a prefer\u00eancia de cada cliente, apurando a quantidade, lotes e validade dos produtos consignados, al\u00e9m da possibilidade da realiza\u00e7\u00e3o da segrega\u00e7\u00e3o f\u00edsica e transporte desses materiais.<\/p>\n<p style=\"text-align: justify; line-height: 1.3;\">O Supercontagem oferece relat\u00f3rios quantitativos e qualitativos que auxiliam nas an\u00e1lises de perdas e vencimentos, giro de estoque e faturamentos pendentes.<\/p>\n<p>[\/vc_column_text][\/vc_column][\/vc_row][vc_row bg_image=&#8221;15338&#8243; bg_color=&#8221;#f9f9f9&#8243; top_padding=&#8221;60&#8243; bottom_padding=&#8221;60&#8243; row_id=&#8221;maior-seguranca-em-transportar&#8221;][vc_column width=&#8221;1\/4&#8243;]<div class=\"iconbox  iconbox-style-7 icon-color-accent color-dark clearfix\"><img src='https:\/\/logmed.net\/wp-content\/uploads\/2021\/06\/icon-logistica1.png' class='iconimg' \/><h3><\/h3><p>Recebimento das informa\u00e7\u00f5es do cliente sobre os produtos enviados para o local da contagem.<\/p><\/div>[\/vc_column][vc_column width=&#8221;1\/4&#8243;]<div class=\"iconbox  iconbox-style-7 icon-color-accent color-dark clearfix\"><img src='https:\/\/logmed.net\/wp-content\/uploads\/2021\/06\/icon-logistica2.png' class='iconimg' \/><h3><\/h3><p>Agendamento das contagens Mensais, Bimestrais ou Trimestrais.<\/p><\/div>[\/vc_column][vc_column width=&#8221;1\/4&#8243;]<div class=\"iconbox  iconbox-style-7 icon-color-accent color-dark clearfix\"><img src='https:\/\/logmed.net\/wp-content\/uploads\/2021\/06\/icon-logistica3.png' class='iconimg' \/><h3><\/h3><p>Informa\u00e7\u00f5es registradas no sistema Logmed.<\/p><\/div>[\/vc_column][vc_column width=&#8221;1\/4&#8243;]<div class=\"iconbox  iconbox-style-7 icon-color-accent color-dark clearfix\"><img src='https:\/\/logmed.net\/wp-content\/uploads\/2021\/06\/icon-logistica4.png' class='iconimg' \/><h3><\/h3><p>Contagem realizada pela equipe especializada Logmed apurando quantidade, lote e validade de cada produto.<\/p><\/div>[\/vc_column][vc_column width=&#8221;1\/4&#8243;]<div class=\"iconbox  iconbox-style-7 icon-color-accent color-dark clearfix\"><img src='https:\/\/logmed.net\/wp-content\/uploads\/2021\/06\/icon-chart-circle.png' class='iconimg' \/><h3><\/h3><p>Segrega\u00e7\u00e3o de produtos vencidos ou pr\u00f3ximos do vencimento que n\u00e3o estavam sendo utilizados.<\/p><\/div>[\/vc_column][vc_column width=&#8221;1\/4&#8243;]<div class=\"iconbox  iconbox-style-7 icon-color-accent color-dark clearfix\"><img src='https:\/\/logmed.net\/wp-content\/uploads\/2021\/06\/icon-chart.png' class='iconimg' \/><h3><\/h3><p>Elabora\u00e7\u00e3o de relat\u00f3rios quantitativos e qualitativos que auxiliam: giro de produtos, faturamento pendente de produtos e diminui\u00e7\u00e3o de perdas.<\/p><\/div>[\/vc_column][vc_column width=&#8221;1\/4&#8243;]<div class=\"iconbox  iconbox-style-7 icon-color-accent color-dark clearfix\"><img src='https:\/\/logmed.net\/wp-content\/uploads\/2021\/06\/icon-networking.png' class='iconimg' \/><h3><\/h3><p>Envio dos relat\u00f3rios para os locais de coleta, fornecedores, e log\u00edstica reversa de nosso cliente dentro de 48 horas.<\/p><\/div>[\/vc_column][vc_column width=&#8221;1\/4&#8243;]<div class=\"iconbox  iconbox-style-7 icon-color-accent color-dark clearfix\"><img src='https:\/\/logmed.net\/wp-content\/uploads\/2021\/06\/icon-logistica6.png' class='iconimg' \/><h3><\/h3><p>Redu\u00e7\u00e3o de custo com a implanta\u00e7\u00e3o da gest\u00e3o de estoque consignado e monitoramento Logmed.<\/p><\/div>[\/vc_column][\/vc_row]<\/p>\n","protected":false},"excerpt":{"rendered":"<p>[vc_row type=&#8221;full_width_section&#8221; bg_image=&#8221;15702&#8243; bg_color=&#8221;#f9ba00&#8243; text_color=&#8221;light&#8221; text_align=&#8221;center&#8221; top_padding=&#8221;150&#8243; bottom_padding=&#8221;0&#8243; row_id=&#8221;topo-interno&#8221; bg_position=&#8221;left top&#8221;][vc_column text_align=&#8221;center&#8221; width=&#8221;1\/1&#8243;][vc_raw_html]JTNDYSUyMGlkJTNEJTIyc2V0YS1saW5oYSUyMiUyMGhyZWYlM0QlMjIlMjNzZXJ2aWNvcy1jdXN0b21pemFkb3MlMjIlM0UlM0MlMkZhJTNF[\/vc_raw_html][\/vc_column][\/vc_row][vc_row bg_image=&#8221;15356&#8243; bg_repeat=&#8221;no-repeat&#8221; bg_color=&#8221;#ffffff&#8221; top_padding=&#8221;90&#8243; bottom_padding=&#8221;60&#8243; row_id=&#8221;servicos-customizados&#8221;][vc_column width=&#8221;1\/2&#8243;][\/vc_column][vc_column column_padding=&#8221;custom-padding&#8221; column_custompadding=&#8221;20px 30px 10px 60px&#8221; width=&#8221;1\/2&#8243;][vc_column_text] A LogMed entende que cada cliente tem uma forma diferente de trabalhar, uma equipe operacional e necessidades espec\u00edficas de acordo com o setor, porte ou mercado de atua\u00e7\u00e3o. Pensando nisso, criou um centro de servi\u00e7os compartilhados que vai muito al\u00e9m de transporte e armazenagem. Seja qual for sua necessidade, a LogMed sempre tem uma solu\u00e7\u00e3o eficiente e inteligente para seu neg\u00f3cio. [\/vc_column_text][\/vc_column][\/vc_row][vc_row bg_image=&#8221;15402&#8243; bg_repeat=&#8221;no-repeat&#8221; bg_color=&#8221;#f9f9f9&#8243; top_padding=&#8221;60&#8243; bottom_padding=&#8221;60&#8243; row_id=&#8221;customer-service&#8221;][vc_column width=&#8221;2\/3&#8243;][vc_column_text] O atendimento \u00e0 cirurgia conta com um time de profissionais experientes e prontos para ajudar com as cota\u00e7\u00f5es, libera\u00e7\u00f5es e agendamento de cirurgias junto aos conv\u00eanios e hospitais. Al\u00e9m disso, atuamos tamb\u00e9m com processos rigorosos e organizados para lan\u00e7amento dos faturamentos, o que evita atrasos nos procedimentos e preju\u00edzos financeiros para nossos clientes. [\/vc_column_text][\/vc_column][vc_column width=&#8221;1\/3&#8243;][\/vc_column][\/vc_row][vc_row bg_image=&#8221;15338&#8243; bg_repeat=&#8221;no-repeat&#8221; bg_color=&#8221;#ffffff&#8221; top_padding=&#8221;60&#8243; bottom_padding=&#8221;60&#8243; row_id=&#8221;gestao-de-estoque-consignados&#8221;][vc_column][\/vc_column][vc_column column_padding=&#8221;custom-padding&#8221; column_custompadding=&#8221;0&#8243; width=&#8221;1\/2&#8243;][\/vc_column][vc_column column_padding=&#8221;custom-padding&#8221; column_custompadding=&#8221;10px 50px 0&#8243; width=&#8221;1\/2&#8243;][vc_column_text] Oferecemos para os clientes que possuem galp\u00f5es pr\u00f3prios, o servi\u00e7o de log\u00edstica in house. Nossos auditores fiscais v\u00e3o at\u00e9 o local e fazem uma gest\u00e3o completa do estoque utilizando o sistema WMS (Warehouse Management System) que [&hellip;]<\/p>\n","protected":false},"author":1,"featured_media":0,"parent":0,"menu_order":0,"comment_status":"closed","ping_status":"closed","template":"","meta":{"footnotes":""},"class_list":["post-15537","page","type-page","status-publish","hentry"],"_links":{"self":[{"href":"https:\/\/logmed.net\/index.php?rest_route=\/wp\/v2\/pages\/15537","targetHints":{"allow":["GET"]}}],"collection":[{"href":"https:\/\/logmed.net\/index.php?rest_route=\/wp\/v2\/pages"}],"about":[{"href":"https:\/\/logmed.net\/index.php?rest_route=\/wp\/v2\/types\/page"}],"author":[{"embeddable":true,"href":"https:\/\/logmed.net\/index.php?rest_route=\/wp\/v2\/users\/1"}],"replies":[{"embeddable":true,"href":"https:\/\/logmed.net\/index.php?rest_route=%2Fwp%2Fv2%2Fcomments&post=15537"}],"version-history":[{"count":0,"href":"https:\/\/logmed.net\/index.php?rest_route=\/wp\/v2\/pages\/15537\/revisions"}],"wp:attachment":[{"href":"https:\/\/logmed.net\/index.php?rest_route=%2Fwp%2Fv2%2Fmedia&parent=15537"}],"curies":[{"name":"wp","href":"https:\/\/api.w.org\/{rel}","templated":true}]}}