{"id":15521,"date":"2021-06-18T12:57:51","date_gmt":"2021-06-18T15:57:51","guid":{"rendered":"http:\/\/goatmarketingdigital.com.br\/logmed\/?page_id=15521"},"modified":"2021-06-18T12:57:51","modified_gmt":"2021-06-18T15:57:51","slug":"para-quem-fazemos","status":"publish","type":"page","link":"https:\/\/logmed.net\/?page_id=15521","title":{"rendered":"Para Quem Fazemos"},"content":{"rendered":"<p>[vc_row type=&#8221;full_width_section&#8221; bg_image=&#8221;15711&#8243; bg_color=&#8221;#000000&#8243; text_color=&#8221;light&#8221; top_padding=&#8221;150&#8243; bottom_padding=&#8221;0&#8243; row_id=&#8221;topo-interno&#8221; bg_position=&#8221;left top&#8221;][vc_column text_align=&#8221;center&#8221; width=&#8221;1\/1&#8243;]<h1 class=\"headline font-inherit fontsize-xxxxl fontweight-900 lh-12 align-center transform-inherit \" style=\"margin: 0 0 120px 0; color: #ffffff;\">Para quem fazemos<\/h1>[vc_raw_html]JTNDYSUyMGlkJTNEJTIyc2V0YS1saW5oYSUyMiUyMGhyZWYlM0QlMjIlMjNzb2JyZSUyMiUzRSUzQyUyRmElM0U=[\/vc_raw_html][\/vc_column][\/vc_row][vc_row bg_image=&#8221;15338&#8243; bg_repeat=&#8221;repeat&#8221; bg_color=&#8221;#ffffff&#8221; top_padding=&#8221;60&#8243; bottom_padding=&#8221;60&#8243; row_id=&#8221;sobre&#8221;][vc_column column_padding=&#8221;custom-padding&#8221; column_custompadding=&#8221;30px&#8221; width=&#8221;1\/2&#8243;][vc_column_text]<\/p>\n<p style=\"\/* text-align: justify; *\/line-height: 1.5; font-size: 17px;\">A LogMed tem forte atua\u00e7\u00e3o no setor m\u00e9dico-hospitalar oferecendo solu\u00e7\u00f5es modernas e inteligentes em servi\u00e7os de transporte, armazenagem e gest\u00e3o de estoque para empresas do ramo da sa\u00fade.<\/p>\n<p style=\"\/* text-align: justify; *\/line-height: 1.5; font-size: 17px;\">Nossos principais clientes s\u00e3o ind\u00fastrias, fornecedores e hospitais que buscam seguran\u00e7a e cuidados espec\u00edficos em v\u00e1rias etapas da cadeia log\u00edstica. Com licen\u00e7as ANVISA para transportar e armazenar e certifica\u00e7\u00e3o ISO 9001, nos tornamos refer\u00eancia no setor.<\/p>\n<p style=\"\/* text-align: justify; *\/line-height: 1.5; font-size: 17px;\">O segundo maior p\u00fablico da LogMed s\u00e3o as farmac\u00eauticas. Outro setor que tamb\u00e9m busca controle r\u00edgido de armazenamento e transporte, para evitar preju\u00edzos com produtos vencidos ou transportados fora de temperatura e ambiente adequados.<\/p>\n<p>[\/vc_column_text][\/vc_column][vc_column width=&#8221;1\/2&#8243;]<div class=\"single_image wpb_content_element align-left    imagem-destaque\" data-animation=\"none\" data-delay=\"0\"><img loading=\"lazy\" decoding=\"async\" width=\"1200\" height=\"1000\" src=\"https:\/\/logmed.net\/wp-content\/uploads\/2021\/06\/para-quem-fazemos.jpg\" class=\"attachment-full\" alt=\"\" srcset=\"https:\/\/logmed.net\/wp-content\/uploads\/2021\/06\/para-quem-fazemos.jpg 1200w, https:\/\/logmed.net\/wp-content\/uploads\/2021\/06\/para-quem-fazemos-300x250.jpg 300w, https:\/\/logmed.net\/wp-content\/uploads\/2021\/06\/para-quem-fazemos-1024x853.jpg 1024w, https:\/\/logmed.net\/wp-content\/uploads\/2021\/06\/para-quem-fazemos-768x640.jpg 768w\" sizes=\"auto, (max-width: 1200px) 100vw, 1200px\" \/><\/div>[\/vc_column][vc_column column_padding=&#8221;custom-padding&#8221; column_custompadding=&#8221;50px 0px 0px 0px&#8221; width=&#8221;1\/1&#8243;][vc_row_inner][vc_column_inner width=&#8221;1\/2&#8243;]<div class=\"single_image wpb_content_element align-left    imagem-destaque\" data-animation=\"none\" data-delay=\"0\"><img loading=\"lazy\" decoding=\"async\" width=\"1200\" height=\"1000\" src=\"https:\/\/logmed.net\/wp-content\/uploads\/2021\/07\/para-quem-fazemos-2.jpg\" class=\"attachment-full\" alt=\"\" srcset=\"https:\/\/logmed.net\/wp-content\/uploads\/2021\/07\/para-quem-fazemos-2.jpg 1200w, https:\/\/logmed.net\/wp-content\/uploads\/2021\/07\/para-quem-fazemos-2-300x250.jpg 300w, https:\/\/logmed.net\/wp-content\/uploads\/2021\/07\/para-quem-fazemos-2-1024x853.jpg 1024w, https:\/\/logmed.net\/wp-content\/uploads\/2021\/07\/para-quem-fazemos-2-768x640.jpg 768w\" sizes=\"auto, (max-width: 1200px) 100vw, 1200px\" \/><\/div>[\/vc_column_inner][vc_column_inner width=&#8221;1\/2&#8243; css=&#8221;.vc_custom_1625250273718{padding-top: 50px !important;padding-right: 50px !important;padding-bottom: 20px !important;padding-left: 50px !important;}&#8221;][vc_column_text]<\/p>\n<p style=\"\/* text-align: justify; *\/line-height: 1.5; font-size: 17px;\">Confira os servi\u00e7os mais procurados pelos clientes:<\/p>\n<ul>\n<li style=\"font-size: 17px; margin-bottom: 20px; line-height: 1.5;\">Transporte: modal a\u00e9reo e rodovi\u00e1rio;<\/li>\n<li style=\"font-size: 17px; margin-bottom: 20px; line-height: 1.5;\">Armazenagem: armaz\u00e9ns para locar, recebimento e expedi\u00e7\u00e3o de mercadoria, adequa\u00e7\u00e3o de produtos e assist\u00eancia t\u00e9cnica;<\/li>\n<li style=\"font-size: 17px; margin-bottom: 20px; line-height: 1.5;\">Gest\u00e3o de estoque consignado: auditores fiscais, software Supercontagem e relat\u00f3rios.<\/li>\n<\/ul>\n<p style=\"\/* text-align: justify; *\/line-height: 1.5; font-size: 17px;\">Estamos expandindo nosso mercado de atua\u00e7\u00e3o e j\u00e1 temos todas as licen\u00e7as e certifica\u00e7\u00f5es necess\u00e1rias para ajudar empresas de odontologia, cosm\u00e9tico, veterin\u00e1rio e alimentos a terem uma melhor gest\u00e3o de suas cadeias log\u00edsticas.<\/p>\n<p>[\/vc_column_text][\/vc_column_inner][\/vc_row_inner][\/vc_column][\/vc_row][vc_row bg_color=&#8221;#f9f9f9&#8243; top_padding=&#8221;100&#8243; bottom_padding=&#8221;100&#8243; row_id=&#8221;nossos-diferenciais&#8221; bg_position=&#8221;left top&#8221;][vc_column width=&#8221;1\/1&#8243;]<h1 class=\"headline font-inherit fontsize-xxxxl fontweight-900 lh-12 align-center transform-inherit \" style=\"margin: 0 0 10px 0; color: #1d1d1b;\">Segmentos de atua\u00e7\u00e3o Logmed<\/h1><div class=\"newdivider align-center\" style=\"border-bottom-style: solid; border-color: #f9ba00; border-bottom-width: 5px; margin-top: 0; margin-bottom: 60px; width: 100px; \"><\/div><div class=\"clear\"><\/div>[\/vc_column][vc_column width=&#8221;1\/4&#8243;]<div class=\"iconbox  iconbox-style-7 icon-color-greyscale color-dark clearfix\"><i class=\"fa fa-bank boxicon\" style=\"\"><\/i><h3>Armazenagem<\/h3><p><\/p><\/div>[\/vc_column][vc_column width=&#8221;1\/4&#8243;]<div class=\"iconbox  iconbox-style-7 icon-color-greyscale color-dark clearfix\"><i class=\"fa sl-plane boxicon\" style=\"\"><\/i><h3>Transporte<\/h3><p><\/p><\/div>[\/vc_column][vc_column width=&#8221;1\/4&#8243;]<div class=\"iconbox  iconbox-style-7 icon-color-greyscale color-dark clearfix\"><i class=\"fa sl-home boxicon\" style=\"\"><\/i><h3>Log\u00edstica in House<\/h3><p><\/p><\/div>[\/vc_column][vc_column width=&#8221;1\/4&#8243;]<div class=\"iconbox  iconbox-style-7 icon-color-greyscale color-dark clearfix\"><i class=\"fa sl-social-dropbox boxicon\" style=\"\"><\/i><h3>Gest\u00e3o de estoque consignado<\/h3><p><\/p><\/div>[\/vc_column][\/vc_row][vc_row bg_image=&#8221;15338&#8243; bg_color=&#8221;#f7f7f7&#8243; top_padding=&#8221;100&#8243; bottom_padding=&#8221;100&#8243; row_id=&#8221;mercado-de-atuacao&#8221;][vc_column width=&#8221;1\/1&#8243;]<h1 class=\"headline font-inherit fontsize-xxxxl fontweight-900 lh-12 align-center transform-inherit \" style=\"margin: 0 0 10px 0; color: #1d1d1d;\">MERCADO DE ATUA\u00c7\u00c3O<\/h1><div class=\"newdivider align-center\" style=\"border-bottom-style: solid; border-color: #f9ba00; border-bottom-width: 5px; margin-top: 0; margin-bottom: 60px; width: 100px; \"><\/div><div class=\"clear\"><\/div>[\/vc_column][vc_column][vc_row_inner][vc_column_inner el_class=&#8221;clientes-item&#8221; width=&#8221;1\/3&#8243;]<div class=\"single_image wpb_content_element align-center    produto-img\" data-animation=\"none\" data-delay=\"0\"><img loading=\"lazy\" decoding=\"async\" width=\"626\" height=\"417\" src=\"https:\/\/logmed.net\/wp-content\/uploads\/2021\/06\/attractive-positive-blond-lab-assistant-carrying-box-with-vaccines-covid-19-laboratory-interior_232070-10943.jpg\" class=\"attachment-full\" alt=\"\" srcset=\"https:\/\/logmed.net\/wp-content\/uploads\/2021\/06\/attractive-positive-blond-lab-assistant-carrying-box-with-vaccines-covid-19-laboratory-interior_232070-10943.jpg 626w, https:\/\/logmed.net\/wp-content\/uploads\/2021\/06\/attractive-positive-blond-lab-assistant-carrying-box-with-vaccines-covid-19-laboratory-interior_232070-10943-300x200.jpg 300w, https:\/\/logmed.net\/wp-content\/uploads\/2021\/06\/attractive-positive-blond-lab-assistant-carrying-box-with-vaccines-covid-19-laboratory-interior_232070-10943-600x400.jpg 600w\" sizes=\"auto, (max-width: 626px) 100vw, 626px\" \/><\/div><div class=\"iconbox  wpb_content_element iconbox-style-3 icon-color-accent color-dark\"><i class=\"fa  boxicon\" style=\"\"><\/i><h3><br>Hospitais e cl\u00ednicas m\u00e9dicas<\/h3><p><\/p><\/div>[\/vc_column_inner][vc_column_inner el_class=&#8221;clientes-item&#8221; width=&#8221;1\/3&#8243;]<div class=\"single_image wpb_content_element align-center    produto-img\" data-animation=\"none\" data-delay=\"0\"><img loading=\"lazy\" decoding=\"async\" width=\"626\" height=\"417\" src=\"https:\/\/logmed.net\/wp-content\/uploads\/2021\/06\/close-up-pharmacists-discussing-online-order-standing-near-pharmacy-display-case_160672-3587.jpg\" class=\"attachment-full\" alt=\"\" srcset=\"https:\/\/logmed.net\/wp-content\/uploads\/2021\/06\/close-up-pharmacists-discussing-online-order-standing-near-pharmacy-display-case_160672-3587.jpg 626w, https:\/\/logmed.net\/wp-content\/uploads\/2021\/06\/close-up-pharmacists-discussing-online-order-standing-near-pharmacy-display-case_160672-3587-300x200.jpg 300w, https:\/\/logmed.net\/wp-content\/uploads\/2021\/06\/close-up-pharmacists-discussing-online-order-standing-near-pharmacy-display-case_160672-3587-600x400.jpg 600w\" sizes=\"auto, (max-width: 626px) 100vw, 626px\" \/><\/div><div class=\"iconbox  wpb_content_element iconbox-style-3 icon-color-accent color-dark\"><i class=\"fa  boxicon\" style=\"\"><\/i><h3><br>Farmac\u00eautica<\/h3><p><\/p><\/div>[\/vc_column_inner][vc_column_inner el_class=&#8221;clientes-item&#8221; width=&#8221;1\/3&#8243;]<div class=\"single_image wpb_content_element align-center    produto-img\" data-animation=\"none\" data-delay=\"0\"><img loading=\"lazy\" decoding=\"async\" width=\"626\" height=\"417\" src=\"https:\/\/logmed.net\/wp-content\/uploads\/2021\/06\/dentist-examining-female-patient-with-tools_107420-74189.jpg\" class=\"attachment-full\" alt=\"\" srcset=\"https:\/\/logmed.net\/wp-content\/uploads\/2021\/06\/dentist-examining-female-patient-with-tools_107420-74189.jpg 626w, https:\/\/logmed.net\/wp-content\/uploads\/2021\/06\/dentist-examining-female-patient-with-tools_107420-74189-300x200.jpg 300w, https:\/\/logmed.net\/wp-content\/uploads\/2021\/06\/dentist-examining-female-patient-with-tools_107420-74189-600x400.jpg 600w\" sizes=\"auto, (max-width: 626px) 100vw, 626px\" \/><\/div><div class=\"iconbox  wpb_content_element iconbox-style-3 icon-color-accent color-dark\"><i class=\"fa  boxicon\" style=\"\"><\/i><h3><br>Odontologia<\/h3><p><\/p><\/div>[\/vc_column_inner][\/vc_row_inner][vc_row_inner][vc_column_inner el_class=&#8221;clientes-item&#8221; width=&#8221;1\/3&#8243;]<div class=\"single_image wpb_content_element align-center    produto-img\" data-animation=\"none\" data-delay=\"0\"><img loading=\"lazy\" decoding=\"async\" width=\"626\" height=\"417\" src=\"https:\/\/logmed.net\/wp-content\/uploads\/2021\/06\/girl-africa-woman-making-eyebrows-girls-beauty-salon_1157-48322.jpg\" class=\"attachment-full\" alt=\"\" srcset=\"https:\/\/logmed.net\/wp-content\/uploads\/2021\/06\/girl-africa-woman-making-eyebrows-girls-beauty-salon_1157-48322.jpg 626w, https:\/\/logmed.net\/wp-content\/uploads\/2021\/06\/girl-africa-woman-making-eyebrows-girls-beauty-salon_1157-48322-300x200.jpg 300w, https:\/\/logmed.net\/wp-content\/uploads\/2021\/06\/girl-africa-woman-making-eyebrows-girls-beauty-salon_1157-48322-600x400.jpg 600w\" sizes=\"auto, (max-width: 626px) 100vw, 626px\" \/><\/div><div class=\"iconbox  wpb_content_element iconbox-style-3 icon-color-accent color-dark\"><i class=\"fa  boxicon\" style=\"\"><\/i><h3><br>Cosm\u00e9ticos<\/h3><p><\/p><\/div>[\/vc_column_inner][vc_column_inner el_class=&#8221;clientes-item&#8221; width=&#8221;1\/3&#8243;]<div class=\"single_image wpb_content_element align-center    produto-img\" data-animation=\"none\" data-delay=\"0\"><img loading=\"lazy\" decoding=\"async\" width=\"626\" height=\"417\" src=\"https:\/\/logmed.net\/wp-content\/uploads\/2021\/06\/medium-shot-veterinarians-helping-cat_23-2148302198.jpg\" class=\"attachment-full\" alt=\"\" srcset=\"https:\/\/logmed.net\/wp-content\/uploads\/2021\/06\/medium-shot-veterinarians-helping-cat_23-2148302198.jpg 626w, https:\/\/logmed.net\/wp-content\/uploads\/2021\/06\/medium-shot-veterinarians-helping-cat_23-2148302198-300x200.jpg 300w, https:\/\/logmed.net\/wp-content\/uploads\/2021\/06\/medium-shot-veterinarians-helping-cat_23-2148302198-600x400.jpg 600w\" sizes=\"auto, (max-width: 626px) 100vw, 626px\" \/><\/div><div class=\"iconbox  wpb_content_element iconbox-style-3 icon-color-accent color-dark\"><i class=\"fa  boxicon\" style=\"\"><\/i><h3><br>Veterin\u00e1rio<\/h3><p><\/p><\/div>[\/vc_column_inner][vc_column_inner el_class=&#8221;clientes-item&#8221; width=&#8221;1\/3&#8243;]<div class=\"single_image wpb_content_element align-center    produto-img\" data-animation=\"none\" data-delay=\"0\"><img loading=\"lazy\" decoding=\"async\" width=\"626\" height=\"417\" src=\"https:\/\/logmed.net\/wp-content\/uploads\/2021\/06\/truck-loaded-with-containers-full-apples-ready-be-shipped-market_308072-275.jpg\" class=\"attachment-full\" alt=\"\" srcset=\"https:\/\/logmed.net\/wp-content\/uploads\/2021\/06\/truck-loaded-with-containers-full-apples-ready-be-shipped-market_308072-275.jpg 626w, https:\/\/logmed.net\/wp-content\/uploads\/2021\/06\/truck-loaded-with-containers-full-apples-ready-be-shipped-market_308072-275-300x200.jpg 300w, https:\/\/logmed.net\/wp-content\/uploads\/2021\/06\/truck-loaded-with-containers-full-apples-ready-be-shipped-market_308072-275-600x400.jpg 600w\" sizes=\"auto, (max-width: 626px) 100vw, 626px\" \/><\/div><div class=\"iconbox  wpb_content_element iconbox-style-3 icon-color-accent color-dark\"><i class=\"fa  boxicon\" style=\"\"><\/i><h3><br>Alimentos<\/h3><p><\/p><\/div>[\/vc_column_inner][\/vc_row_inner][\/vc_column][\/vc_row]<\/p>\n","protected":false},"excerpt":{"rendered":"<p>[vc_row type=&#8221;full_width_section&#8221; bg_image=&#8221;15711&#8243; bg_color=&#8221;#000000&#8243; text_color=&#8221;light&#8221; top_padding=&#8221;150&#8243; bottom_padding=&#8221;0&#8243; row_id=&#8221;topo-interno&#8221; bg_position=&#8221;left top&#8221;][vc_column text_align=&#8221;center&#8221; width=&#8221;1\/1&#8243;][vc_raw_html]JTNDYSUyMGlkJTNEJTIyc2V0YS1saW5oYSUyMiUyMGhyZWYlM0QlMjIlMjNzb2JyZSUyMiUzRSUzQyUyRmElM0U=[\/vc_raw_html][\/vc_column][\/vc_row][vc_row bg_image=&#8221;15338&#8243; bg_repeat=&#8221;repeat&#8221; bg_color=&#8221;#ffffff&#8221; top_padding=&#8221;60&#8243; bottom_padding=&#8221;60&#8243; row_id=&#8221;sobre&#8221;][vc_column column_padding=&#8221;custom-padding&#8221; column_custompadding=&#8221;30px&#8221; width=&#8221;1\/2&#8243;][vc_column_text] A LogMed tem forte atua\u00e7\u00e3o no setor m\u00e9dico-hospitalar oferecendo solu\u00e7\u00f5es modernas e inteligentes em servi\u00e7os de transporte, armazenagem e gest\u00e3o de estoque para empresas do ramo da sa\u00fade. Nossos principais clientes s\u00e3o ind\u00fastrias, fornecedores e hospitais que buscam seguran\u00e7a e cuidados espec\u00edficos em v\u00e1rias etapas da cadeia log\u00edstica. Com licen\u00e7as ANVISA para transportar e armazenar e certifica\u00e7\u00e3o ISO 9001, nos tornamos refer\u00eancia no setor. O segundo maior p\u00fablico da LogMed s\u00e3o as farmac\u00eauticas. Outro setor que tamb\u00e9m busca controle r\u00edgido de armazenamento e transporte, para evitar preju\u00edzos com produtos vencidos ou transportados fora de temperatura e ambiente adequados. [\/vc_column_text][\/vc_column][vc_column width=&#8221;1\/2&#8243;][\/vc_column][vc_column column_padding=&#8221;custom-padding&#8221; column_custompadding=&#8221;50px 0px 0px 0px&#8221; width=&#8221;1\/1&#8243;][vc_row_inner][vc_column_inner width=&#8221;1\/2&#8243;][\/vc_column_inner][vc_column_inner width=&#8221;1\/2&#8243; css=&#8221;.vc_custom_1625250273718{padding-top: 50px !important;padding-right: 50px !important;padding-bottom: 20px !important;padding-left: 50px !important;}&#8221;][vc_column_text] Confira os servi\u00e7os mais procurados pelos clientes: Transporte: modal a\u00e9reo e rodovi\u00e1rio; Armazenagem: armaz\u00e9ns para locar, recebimento e expedi\u00e7\u00e3o de mercadoria, adequa\u00e7\u00e3o de produtos e assist\u00eancia t\u00e9cnica; Gest\u00e3o de estoque consignado: auditores fiscais, software Supercontagem e relat\u00f3rios. Estamos expandindo nosso mercado de atua\u00e7\u00e3o e j\u00e1 temos todas as licen\u00e7as e certifica\u00e7\u00f5es necess\u00e1rias para ajudar empresas de odontologia, cosm\u00e9tico, veterin\u00e1rio e alimentos a [&hellip;]<\/p>\n","protected":false},"author":1,"featured_media":0,"parent":0,"menu_order":0,"comment_status":"closed","ping_status":"closed","template":"","meta":{"footnotes":""},"class_list":["post-15521","page","type-page","status-publish","hentry"],"_links":{"self":[{"href":"https:\/\/logmed.net\/index.php?rest_route=\/wp\/v2\/pages\/15521","targetHints":{"allow":["GET"]}}],"collection":[{"href":"https:\/\/logmed.net\/index.php?rest_route=\/wp\/v2\/pages"}],"about":[{"href":"https:\/\/logmed.net\/index.php?rest_route=\/wp\/v2\/types\/page"}],"author":[{"embeddable":true,"href":"https:\/\/logmed.net\/index.php?rest_route=\/wp\/v2\/users\/1"}],"replies":[{"embeddable":true,"href":"https:\/\/logmed.net\/index.php?rest_route=%2Fwp%2Fv2%2Fcomments&post=15521"}],"version-history":[{"count":0,"href":"https:\/\/logmed.net\/index.php?rest_route=\/wp\/v2\/pages\/15521\/revisions"}],"wp:attachment":[{"href":"https:\/\/logmed.net\/index.php?rest_route=%2Fwp%2Fv2%2Fmedia&parent=15521"}],"curies":[{"name":"wp","href":"https:\/\/api.w.org\/{rel}","templated":true}]}}