{"id":15436,"date":"2021-06-11T12:30:41","date_gmt":"2021-06-11T15:30:41","guid":{"rendered":"http:\/\/goatmarketingdigital.com.br\/logmed\/?page_id=15436"},"modified":"2021-06-11T12:30:41","modified_gmt":"2021-06-11T15:30:41","slug":"trabalhe-conosco","status":"publish","type":"page","link":"https:\/\/logmed.net\/?page_id=15436","title":{"rendered":"Trabalhe Conosco"},"content":{"rendered":"<p>[vc_row type=&#8221;full_width_section&#8221; bg_image=&#8221;15701&#8243; bg_color=&#8221;#f9ba00&#8243; text_color=&#8221;light&#8221; text_align=&#8221;center&#8221; top_padding=&#8221;150&#8243; bottom_padding=&#8221;0&#8243; row_id=&#8221;topo-interno&#8221;][vc_column width=&#8221;1\/1&#8243;]<h1 class=\"headline font-inherit fontsize-xxxxxl fontweight-700 lh-12 align-center transform-inherit \" style=\"margin: 0; color: #ffffff;\">Trabalhe Conosco<\/h1>[vc_raw_html]JTNDYSUyMGlkJTNEJTIyc2V0YS1saW5oYSUyMiUyMGhyZWYlM0QlMjIlMjNmYWxlLWNvbm9zY28lMjIlM0UlM0MlMkZhJTNF[\/vc_raw_html][\/vc_column][\/vc_row][vc_row bg_image=&#8221;15338&#8243; bg_repeat=&#8221;repeat&#8221; bg_color=&#8221;#ffffff&#8221; top_padding=&#8221;90&#8243; bottom_padding=&#8221;100&#8243; row_id=&#8221;fale-conosco&#8221; bg_position=&#8221;left top&#8221;][vc_column]<h2 class=\"headline font-special fontsize-xxl fontweight-700 lh-12 align-left transform-uppercase \" style=\"margin: 0; color: #f9ba00;\">QUER FAZER PARTE DO TIME LOGMED?<\/h2>[vc_column_text]Fa\u00e7a parte do nosso time! Preencha o formul\u00e1rio abaixo e cadastre seu curr\u00edculo em nosso banco de dados.<\/p>\n<p>Caso surja alguma vaga dentro do seu campo de atua\u00e7\u00e3o e perfil, entraremos em contato.[\/vc_column_text][\/vc_column][vc_column width=&#8221;1\/2&#8243;]<div class=\"spacer\" style=\"height: 40px;\"><\/div>[vc_column_text]<div id=\"bitforms_1_15436_1\" class=\"_frm-bg-b1\">\n      \n          <form novalidate id=\"form-bitforms_1_15436_1\" class=\"_frm-b1\" enctype=\"multipart\/form-data\" method='post'>\n              <input type=\"text\" class=\"d-none\" name=\"csrf\" value=\"N1nbL46o8e7B51aSnaQ2Sy40LCg0I+YpNLkGxDsZP9E=\">\n              <input type=\"text\" class=\"d-none\" name=\"t_identity\" value=\"RTAUn0FeYuYNMHd19D3+AdlxNzio9VLfgkBlnVshYyw=\">\n              \n              <input type=\"text\" class=\"d-none\" name=\"bitforms_id\" value=\"bitforms_1\">\n                  <div class=\"btcd-fld-itm bf1-3 \">\n        <div \n      \n      class=\"bf1-3-fld-wrp \"\n    >\n            <div \n        \n        class=\"bf1-3-lbl-wrp \" \n      >\n              <label \n         \n        class=\"bf1-3-lbl \"\n        for=\"bf1-3-1\">\n        \n        \n        Nome\n        \n        \n      <\/label>\n        \n      <\/div>\n      <div \n        \n        class=\"bf1-3-inp-wrp \"\n      > \n            <div \n      \n      class=\"bf1-3-inp-fld-wrp \"\n    >\n      <input\n        \n        id=\"bf1-3-1\"\n        \n        class=\"bf1-3-fld \"\n        type=\"text\"\n        required\n        \n        \n        placeholder='Nome:'\n        \n        \n        \n        \n        \n        \n      \/>\n      \n      \n    <\/div>\n    \n        \n            <div class='bf1-3-err-wrp' style=\"opacity: 0 !important; height: 0px !important;\">\n    <div class='bf1-3-err-inner'>\n      \n        \n        <div   class=\"bf1-3-err-msg  bf1-3-err-txt \" style='display: none !important;'><\/div>\n        \n      \n      <\/div>\n    <\/div>\n      <\/div>\n    <\/div>\n<\/div><div class=\"btcd-fld-itm bf1-4 \">\n        <div \n      \n      class=\"bf1-4-fld-wrp \"\n    >\n            <div \n        \n        class=\"bf1-4-lbl-wrp \" \n      >\n              <label \n         \n        class=\"bf1-4-lbl \"\n        for=\"bf1-4-1\">\n        \n        \n        Email\n        \n        \n      <\/label>\n        \n      <\/div>\n      <div \n        \n        class=\"bf1-4-inp-wrp \"\n      > \n            <div \n      \n      class=\"bf1-4-inp-fld-wrp \"\n    >\n      <input\n        \n        id=\"bf1-4-1\"\n        \n        class=\"bf1-4-fld \"\n        type=\"email\"\n        required\n        \n        \n        placeholder='E-mail:'\n        \n        \n        \n        \n        \n        \n      \/>\n      \n      \n    <\/div>\n    \n        \n            <div class='bf1-4-err-wrp' style=\"opacity: 0 !important; height: 0px !important;\">\n    <div class='bf1-4-err-inner'>\n      \n        \n        <div   class=\"bf1-4-err-msg  bf1-4-err-txt \" style='display: none !important;'><\/div>\n        \n      \n      <\/div>\n    <\/div>\n      <\/div>\n    <\/div>\n<\/div><div class=\"btcd-fld-itm bf1-5 \">\n        <div \n      \n      class=\"bf1-5-fld-wrp \"\n    >\n            <div \n        \n        class=\"bf1-5-lbl-wrp \" \n      >\n              <label \n         \n        class=\"bf1-5-lbl \"\n        for=\"bf1-5-1\">\n        \n        \n        Telefone\n        \n        \n      <\/label>\n        \n      <\/div>\n      <div \n        \n        class=\"bf1-5-inp-wrp \"\n      > \n            <div \n      \n      class=\"bf1-5-inp-fld-wrp \"\n    >\n      <input\n        \n        id=\"bf1-5-1\"\n        \n        class=\"bf1-5-fld \"\n        type=\"number\"\n        required\n        \n        \n        placeholder='Telefone:'\n        \n        \n        \n        \n        \n        \n      \/>\n      \n      \n    <\/div>\n    \n        \n            <div class='bf1-5-err-wrp' style=\"opacity: 0 !important; height: 0px !important;\">\n    <div class='bf1-5-err-inner'>\n      \n        \n        <div   class=\"bf1-5-err-msg  bf1-5-err-txt \" style='display: none !important;'><\/div>\n        \n      \n      <\/div>\n    <\/div>\n      <\/div>\n    <\/div>\n<\/div><div class=\"btcd-fld-itm bf1-7 \">\n        <div \n      \n      class=\"bf1-7-fld-wrp \"\n    >\n            <div \n        \n        class=\"bf1-7-lbl-wrp \" \n      >\n              <label \n         \n        class=\"bf1-7-lbl \"\n        for=\"bf1-7-1\">\n        \n        \n        \u00c1rea\n        \n        \n      <\/label>\n        \n      <\/div>\n      <div \n        \n        class=\"bf1-7-inp-wrp \"\n      > \n            <div \n      \n      class=\"bf1-7-inp-fld-wrp \"\n    >\n      <input\n        \n        id=\"bf1-7-1\"\n        \n        class=\"bf1-7-fld \"\n        type=\"text\"\n        required\n        \n        \n        placeholder='\u00c1rea de interesse'\n        \n        \n        \n        \n        \n        \n      \/>\n      \n      \n    <\/div>\n    \n        \n            <div class='bf1-7-err-wrp' style=\"opacity: 0 !important; height: 0px !important;\">\n    <div class='bf1-7-err-inner'>\n      \n        \n        <div   class=\"bf1-7-err-msg  bf1-7-err-txt \" style='display: none !important;'><\/div>\n        \n      \n      <\/div>\n    <\/div>\n      <\/div>\n    <\/div>\n<\/div><div class=\"btcd-fld-itm bf1-6 \">\n        <div \n      \n      class=\"bf1-6-fld-wrp \"\n    >\n            <div \n        \n        class=\"bf1-6-lbl-wrp \" \n      >\n              <label \n         \n        class=\"bf1-6-lbl \"\n        for=\"bf1-6-1\">\n        \n        \n        Mensagem\n        \n        \n      <\/label>\n        \n      <\/div>\n      <div \n        \n        class=\"bf1-6-inp-wrp \"\n      > \n            <div \n      \n      class=\"bf1-6-inp-fld-wrp \"\n    >\n      <textarea\n        \n        id=\"bf1-6-1\"\n        class=\"bf1-6-fld \"\n        required\n        \n        \n        placeholder='Mensagem:'\n        \n        \n      ><\/textarea>\n      \n      \n    <\/div>\n        \n            <div class='bf1-6-err-wrp' style=\"opacity: 0 !important; height: 0px !important;\">\n    <div class='bf1-6-err-inner'>\n      \n        \n        <div   class=\"bf1-6-err-msg  bf1-6-err-txt \" style='display: none !important;'><\/div>\n        \n      \n      <\/div>\n    <\/div>\n      <\/div>\n    <\/div>\n<\/div><div class=\"btcd-fld-itm bf1-2 \">\n        <div \n      \n      class=\"bf1-2-fld-wrp \"\n    >\n            <div \n        \n        class=\"bf1-2-lbl-wrp \" \n      >\n              <label \n         \n        class=\"bf1-2-lbl \"\n        for=\"bf1-2-1\">\n        \n        \n        Anexar curr\u00edculo\n        \n        \n      <\/label>\n        \n      <\/div>\n      <div \n        \n        class=\"bf1-2-inp-wrp \"\n      > \n            <div \n      \n      class=\"bf1-2-file-up-container \"\n    >\n      <div\n        \n        class=\"bf1-2-file-up-wrpr   \"\n      >\n        <div\n          \n          class=\"bf1-2-file-input-wrpr \"\n        >\n          <div\n            \n            class=\"bf1-2-btn-wrpr \"\n          >\n            <button\n              \n              type=\"button\"\n              class=\"bf1-2-inp-btn \"\n            >\n             \n              <span\n                \n                class=\"bf1-2-btn-txt \"\n              >\n                \n              <\/span>\n              \n            <\/button>\n            \n            \n            <input\n              \n              type=\"file\"\n              class=\"bf1-2-file-upload-input \"\n              id=\"bf1-2-1\"\n              \n              \n              \n              \n              aria-disabled=\"true\"\n              tabindex=\"-1\"\n            \/>\n          <\/div>\n          <div \n            \n            class=\"err-wrp \"\n          ><\/div>\n        <\/div>\n      <\/div>\n    <\/div>\n        \n            <div class='bf1-2-err-wrp' style=\"opacity: 0 !important; height: 0px !important;\">\n    <div class='bf1-2-err-inner'>\n      \n        \n        <div   class=\"bf1-2-err-msg  bf1-2-err-txt \" style='display: none !important;'><\/div>\n        \n      \n      <\/div>\n    <\/div>\n      <\/div>\n    <\/div>\n<\/div><div class=\"btcd-fld-itm bf1-1 \">\n        <div \n      \n      class=\"bf1-1-fld-wrp \"\n    >\n      \n      <div \n        \n        class=\"bf1-1-inp-wrp \"\n      > \n              <div \n        \n        class=\"bf1-1-inp-fld-wrp \"\n      >\n        <button\n          \n          class=\"bf1-1-btn  \"\n          type=\"submit\"\n          \n          \n        >\n          \n          Enviar\n          \n          <span class=\"bf-spinner d-none\"><\/span>\n        <\/button>\n      <\/div>\n        \n        \n      <\/div>\n    <\/div>\n<\/div>\n          <\/form>\n          \n          <div id='bf-form-msg-wrp-bitforms_1_15436_1'><\/div>\n          \n      <\/div>    <script id=\"bit-form-bf-globals-bitforms_1_15436_1\">      if(!window.bf_globals) { \n        window.bf_globals = {} \n      } if(!window.bf_globals.bitforms_1_15436_1) { \n        window.bf_globals.bitforms_1_15436_1 = {} \n      }\n      if(document.getElementById('bitforms_1_15436_1')) {\n        window.bf_globals.bitforms_1_15436_1 = {...window.bf_globals.bitforms_1_15436_1, ...{\"ajaxURL\":\"https:\\\/\\\/logmed.net\\\/wp-admin\\\/admin-ajax.php\",\"nonce\":\"2622fa6b6d\",\"version\":\"2.10.3\",\"layout\":{\"lg\":[{\"w\":6,\"h\":2,\"x\":0,\"y\":0,\"i\":\"bf1-3\",\"minH\":2,\"maxH\":2,\"moved\":false,\"static\":false},{\"w\":6,\"h\":2,\"x\":0,\"y\":2,\"i\":\"bf1-4\",\"minH\":2,\"maxH\":2,\"moved\":false,\"static\":false},{\"w\":6,\"h\":2,\"x\":0,\"y\":4,\"i\":\"bf1-5\",\"minH\":2,\"maxH\":2,\"moved\":false,\"static\":false},{\"w\":6,\"h\":2,\"x\":0,\"y\":6,\"i\":\"bf1-7\",\"minH\":2,\"maxH\":2,\"moved\":false,\"static\":false},{\"w\":6,\"h\":3,\"x\":0,\"y\":8,\"i\":\"bf1-6\",\"minH\":3,\"moved\":false,\"static\":false},{\"w\":6,\"h\":2,\"x\":0,\"y\":11,\"i\":\"bf1-2\",\"minW\":2,\"minH\":2,\"moved\":false,\"static\":false},{\"w\":6,\"h\":2,\"x\":0,\"y\":13,\"i\":\"bf1-1\",\"minH\":2,\"moved\":false,\"static\":false}],\"md\":[{\"w\":4,\"h\":2,\"x\":0,\"y\":0,\"i\":\"bf1-3\",\"minH\":2,\"maxH\":2,\"moved\":false,\"static\":false},{\"w\":4,\"h\":2,\"x\":0,\"y\":2,\"i\":\"bf1-4\",\"minH\":2,\"maxH\":2,\"moved\":false,\"static\":false},{\"w\":4,\"h\":2,\"x\":0,\"y\":4,\"i\":\"bf1-5\",\"minH\":2,\"maxH\":2,\"moved\":false,\"static\":false},{\"w\":4,\"h\":2,\"x\":0,\"y\":6,\"i\":\"bf1-7\",\"minH\":2,\"maxH\":2,\"moved\":false,\"static\":false},{\"w\":4,\"h\":3,\"x\":0,\"y\":8,\"i\":\"bf1-6\",\"minH\":3,\"moved\":false,\"static\":false},{\"w\":4,\"h\":2,\"x\":0,\"y\":11,\"i\":\"bf1-2\",\"minW\":2,\"minH\":2,\"moved\":false,\"static\":false},{\"w\":4,\"h\":2,\"x\":0,\"y\":13,\"i\":\"bf1-1\",\"minH\":2,\"moved\":false,\"static\":false}],\"sm\":[{\"w\":2,\"h\":2,\"x\":0,\"y\":0,\"i\":\"bf1-3\",\"minH\":2,\"maxH\":2,\"moved\":false,\"static\":false},{\"w\":2,\"h\":2,\"x\":0,\"y\":2,\"i\":\"bf1-4\",\"minH\":2,\"maxH\":2,\"moved\":false,\"static\":false},{\"w\":2,\"h\":2,\"x\":0,\"y\":4,\"i\":\"bf1-5\",\"minH\":2,\"maxH\":2,\"moved\":false,\"static\":false},{\"w\":2,\"h\":2,\"x\":0,\"y\":6,\"i\":\"bf1-7\",\"minH\":2,\"maxH\":2,\"moved\":false,\"static\":false},{\"w\":2,\"h\":3,\"x\":0,\"y\":8,\"i\":\"bf1-6\",\"minH\":3,\"moved\":false,\"static\":false},{\"w\":2,\"h\":2,\"x\":0,\"y\":11,\"i\":\"bf1-2\",\"minW\":2,\"minH\":2,\"moved\":false,\"static\":false},{\"w\":2,\"h\":2,\"x\":0,\"y\":13,\"i\":\"bf1-1\",\"minH\":2,\"moved\":false,\"static\":false}]},\"nestedLayout\":{},\"fields\":{\"bf1-3\":{\"typ\":\"text\",\"lbl\":\"Nome\",\"ph\":\"Nome:\",\"valid\":{\"hideLbl\":true,\"req\":true},\"err\":{\"req\":{\"dflt\":\"<p>This field is required<\\\/p>\",\"show\":true,\"custom\":true,\"msg\":\"<p>Campo obrigat&oacute;rio<\\\/p>\"}}},\"bf1-4\":{\"typ\":\"email\",\"lbl\":\"Email\",\"ph\":\"E-mail:\",\"pattern\":\"^$_bf_$w+([.-]?$_bf_$w+)*@$_bf_$w+([.-]?$_bf_$w+)*($_bf_$.$_bf_$w{1,24})+$\",\"valid\":{\"hideLbl\":true,\"req\":true},\"err\":{\"invalid\":{\"dflt\":\"Email is invalid\",\"show\":true,\"custom\":true,\"msg\":\"<p>Email inv&aacute;lido<\\\/p>\"},\"req\":{\"dflt\":\"<p>This field is required<\\\/p>\",\"show\":true,\"custom\":true,\"msg\":\"<p>Campo obrigat&oacute;rio<\\\/p>\"}}},\"bf1-5\":{\"typ\":\"number\",\"lbl\":\"Telefone\",\"ph\":\"Telefone:\",\"valid\":{\"hideLbl\":true,\"req\":true},\"err\":{\"invalid\":{\"dflt\":\"Number is invalid\",\"show\":true,\"custom\":true,\"msg\":\"<p>Telefone inv&aacute;lido<\\\/p>\"},\"req\":{\"dflt\":\"<p>This field is required<\\\/p>\",\"show\":true,\"custom\":true,\"msg\":\"<p>Campo obrigat&oacute;rio<\\\/p>\"}}},\"bf1-7\":{\"typ\":\"text\",\"lbl\":\"\\u00c1rea\",\"ph\":\"\\u00c1rea de interesse\",\"valid\":{\"req\":true,\"hideLbl\":true},\"err\":{\"req\":{\"dflt\":\"<p>This field is required<\\\/p>\",\"show\":true,\"custom\":true,\"msg\":\"<p>Campo obrigat&oacute;rio<\\\/p>\"}}},\"bf1-6\":{\"typ\":\"textarea\",\"lbl\":\"Mensagem\",\"ph\":\"Mensagem:\",\"valid\":{\"req\":true,\"hideLbl\":true},\"err\":{\"req\":{\"dflt\":\"<p>This field is required<\\\/p>\",\"show\":true,\"custom\":true,\"msg\":\"<p>Campo obrigat&oacute;rio<\\\/p>\"}}},\"bf1-2\":{\"typ\":\"file-up\",\"lbl\":\"Anexar curr\\u00edculo\",\"upBtnTxt\":\"Anexar arquivo Word ou PDF\",\"valid\":{},\"err\":{},\"mul\":true,\"exts\":\".doc,.docx,.odt,.pdf,.rtf,.tex,.txt,.wks,.wps,.wpd\"},\"bf1-1\":{\"typ\":\"button\",\"btnSiz\":\"md\",\"btnTyp\":\"submit\",\"txt\":\"Enviar\",\"align\":\"left\",\"valid\":{}}},\"buttons\":\"\",\"fieldsKey\":{\"bf1-3\":\"bf1-3\",\"bf1-4\":\"bf1-4\",\"bf1-5\":\"bf1-5\",\"bf1-7\":\"bf1-7\",\"bf1-6\":\"bf1-6\",\"bf1-2\":\"bf1-2\",\"bf1-1\":\"bf1-1\"},\"file\":[\"bf1-2\"],\"configs\":{\"bf_separator\":\"__bf__\"},\"formId\":1,\"appID\":\"bitforms_1\",\"GCLID\":false,\"assetUrl\":\"https:\\\/\\\/logmed.net\\\/wp-content\\\/plugins\\\/bit-form\\\/assets\",\"onfieldCondition\":false,\"smartTags\":{\"_bf_current_time\":\"2026-04-28 08:41:02\",\"_bf_admin_email\":\"victor@midiaver.com\",\"_bf_date_default\":\"28 de abril de 2026\",\"_bf_date.m\\\/d\\\/y\":\"04\\\/28\\\/26\",\"_bf_date.d\\\/m\\\/y\":\"28\\\/04\\\/26\",\"_bf_date.y\\\/m\\\/d\":\"26\\\/04\\\/28\",\"_bf_date.Y-m-d\":\"2026-04-28\",\"_bf_date.d-M, Y\":\"28-abr, 2026\",\"_bf_time\":\"05:41\",\"_bf_weekday\":\"ter\\u00e7a-feira\",\"_bf_http_referer_url\":\"\",\"_bf_ip_address\":\"216.73.217.98\",\"_bf_browser_name\":\"Bot\",\"_bf_operating_system\":\"\",\"_bf_random_digit\":\"69f0729ea4469\",\"_bf_user_id\":\"0\",\"_bf_user_first_name\":\" \",\"_bf_user_last_name\":\" \",\"_bf_user_display_name\":\" \",\"_bf_user_nice_name\":\" \",\"_bf_user_login_name\":\" \",\"_bf_user_email\":\" \",\"_bf_user_url\":\" \",\"_bf_current_user_role\":\" \",\"_bf_author_id\":\" \",\"_bf_author_display\":\" \",\"_bf_author_email\":\" \",\"_bf_site_title\":\"Logmed | Juntos para salvar vidas em todas as dire\\u00e7\\u00f5es.\",\"_bf_site_description\":\"\",\"_bf_site_url\":\"https:\\\/\\\/logmed.net\",\"_bf_wp_local_codes\":\"pt-BR\",\"_bf_separator\":\"__bf__\",\"_bf_post_id\":\"\",\"_bf_post_name\":\"\",\"_bf_post_title\":\"\",\"_bf_post_date\":\"\",\"_bf_post_modified_date\":\"\",\"_bf_post_url\":\"\",\"_bf_is_user_logged_in\":\"logged_out\"},\"paymentCallbackUrl\":\"https:\\\/\\\/logmed.net\\\/index.php?rest_route=\\\/bitform\\\/v1\\\/payments\\\/razorpay\",\"gRecaptchaSiteKey\":null,\"gRecaptchaVersion\":null,\"turnstileSiteKey\":null,\"validateFocusLost\":true}};\n      }<\/script>[\/vc_column_text][\/vc_column][vc_column column_padding=&#8221;custom-padding&#8221; column_custompadding=&#8221;7px 20px&#8221; width=&#8221;1\/2&#8243;]<h2 class=\"headline font-special fontsize-m fontweight-700 lh-12 align-left transform-uppercase \" style=\"margin: 0;\">Telefone:<\/h2><div class=\"headline font-special fontsize-xxl fontweight-700 lh-inherit align-left transform-uppercase \" style=\"margin: 0 0 40px 0; color: #f9ba00;\">(12) 3903-4294<\/div><h2 class=\"headline font-special fontsize-m fontweight-700 lh-12 align-left transform-uppercase \" style=\"margin: 0;\">E-mail:<\/h2><div class=\"headline font-inherit fontsize-xxl fontweight-700 lh-inherit align-left transform-inherit \" style=\"margin: 0 0 40px 0; color: #f9ba00;\">rh@logmed.net<\/div>[vc_column_text]<div class=\"social-icon social-big\"><a href=\"https:\/\/web.facebook.com\/Logmedsolucoeslogistica\/\" target=\"_blank\" title=\"\"><i class=\"fa fa-facebook\"><\/i><\/a><\/div><div class=\"social-icon social-big\"><a href=\"https:\/\/www.instagram.com\/logmedlogistica\/\" target=\"_blank\" title=\"\"><i class=\"fa fa-instagram\"><\/i><\/a><\/div><div class=\"social-icon social-big\"><a href=\"https:\/\/www.linkedin.com\/company\/logmed\/\" target=\"_blank\" title=\"\"><i class=\"fa fa-linkedin\"><\/i><\/a><\/div><div class=\"social-icon social-big\"><a href=\"tel:1239034294\" target=\"_blank\" title=\"\"><i class=\"fa fa-phone\"><\/i><\/a><\/div><div class=\"social-icon social-big\"><a href=\"https:\/\/wa.me\/5512997452366\" target=\"_blank\" title=\"\"><i class=\"fa fa-whatsapp\"><\/i><\/a><\/div>[\/vc_column_text][\/vc_column][\/vc_row]<\/p>\n","protected":false},"excerpt":{"rendered":"<p>[vc_row type=&#8221;full_width_section&#8221; bg_image=&#8221;15701&#8243; bg_color=&#8221;#f9ba00&#8243; text_color=&#8221;light&#8221; text_align=&#8221;center&#8221; top_padding=&#8221;150&#8243; bottom_padding=&#8221;0&#8243; row_id=&#8221;topo-interno&#8221;][vc_column width=&#8221;1\/1&#8243;][vc_raw_html]JTNDYSUyMGlkJTNEJTIyc2V0YS1saW5oYSUyMiUyMGhyZWYlM0QlMjIlMjNmYWxlLWNvbm9zY28lMjIlM0UlM0MlMkZhJTNF[\/vc_raw_html][\/vc_column][\/vc_row][vc_row bg_image=&#8221;15338&#8243; bg_repeat=&#8221;repeat&#8221; bg_color=&#8221;#ffffff&#8221; top_padding=&#8221;90&#8243; bottom_padding=&#8221;100&#8243; row_id=&#8221;fale-conosco&#8221; bg_position=&#8221;left top&#8221;][vc_column][vc_column_text]Fa\u00e7a parte do nosso time! Preencha o formul\u00e1rio abaixo e cadastre seu curr\u00edculo em nosso banco de dados. Caso surja alguma vaga dentro do seu campo de atua\u00e7\u00e3o e perfil, entraremos em contato.[\/vc_column_text][\/vc_column][vc_column width=&#8221;1\/2&#8243;][vc_column_text][\/vc_column_text][\/vc_column][vc_column column_padding=&#8221;custom-padding&#8221; column_custompadding=&#8221;7px 20px&#8221; width=&#8221;1\/2&#8243;][vc_column_text][\/vc_column_text][\/vc_column][\/vc_row]<\/p>\n","protected":false},"author":1,"featured_media":0,"parent":0,"menu_order":0,"comment_status":"open","ping_status":"closed","template":"","meta":{"footnotes":""},"class_list":["post-15436","page","type-page","status-publish","hentry"],"_links":{"self":[{"href":"https:\/\/logmed.net\/index.php?rest_route=\/wp\/v2\/pages\/15436","targetHints":{"allow":["GET"]}}],"collection":[{"href":"https:\/\/logmed.net\/index.php?rest_route=\/wp\/v2\/pages"}],"about":[{"href":"https:\/\/logmed.net\/index.php?rest_route=\/wp\/v2\/types\/page"}],"author":[{"embeddable":true,"href":"https:\/\/logmed.net\/index.php?rest_route=\/wp\/v2\/users\/1"}],"replies":[{"embeddable":true,"href":"https:\/\/logmed.net\/index.php?rest_route=%2Fwp%2Fv2%2Fcomments&post=15436"}],"version-history":[{"count":0,"href":"https:\/\/logmed.net\/index.php?rest_route=\/wp\/v2\/pages\/15436\/revisions"}],"wp:attachment":[{"href":"https:\/\/logmed.net\/index.php?rest_route=%2Fwp%2Fv2%2Fmedia&parent=15436"}],"curies":[{"name":"wp","href":"https:\/\/api.w.org\/{rel}","templated":true}]}}